{"id":2624,"date":"2019-03-17T16:37:56","date_gmt":"2019-03-17T14:37:56","guid":{"rendered":"http:\/\/site.teamneushoorn.be\/wp\/?page_id=2624"},"modified":"2019-03-17T16:37:56","modified_gmt":"2019-03-17T14:37:56","slug":"acties-2018","status":"publish","type":"page","link":"http:\/\/site.teamneushoorn.be\/wp\/?page_id=2624","title":{"rendered":"Acties 2018"},"content":{"rendered":"<p>&nbsp;<\/p>\n<p><a href=\"http:\/\/site.teamneushoorn.be\/wp\/wp-content\/uploads\/2017\/06\/logo249.png\"><img loading=\"lazy\" decoding=\"async\" class=\"size-full wp-image-2398 alignleft\" src=\"http:\/\/site.teamneushoorn.be\/wp\/wp-content\/uploads\/2017\/06\/logo249.png\" alt=\"\" width=\"249\" height=\"148\" \/><\/a><\/p>\n<div data-block=\"true\" data-editor=\"23t6\" data-offset-key=\"6ep3q-0-0\">\n<p><strong>Internaat Stella Matutina<\/strong>\u00a0(Brakel) &#8211; Pannenkoekenverkoop<\/p>\n<p>De leerlingen van <a href=\"https:\/\/www.internaatstellamatutina.be\/\">Internaat Stella Matutina<\/a>\u00a0verkochten pannenkoeken ten voordele van het Kinderkankerfonds. Dit leverde maar liefst <strong>500\u20ac<\/strong> op!<br \/>\nBedankt voor dit mooie initiatief!<\/p>\n<\/div>\n<p>&nbsp;<\/p>\n<p><strong><a href=\"http:\/\/site.teamneushoorn.be\/wp\/wp-content\/uploads\/2017\/06\/warmathon_vergroot.jpg\"><img loading=\"lazy\" decoding=\"async\" class=\"wp-image-2349 size-thumbnail alignleft\" src=\"http:\/\/site.teamneushoorn.be\/wp\/wp-content\/uploads\/2017\/06\/warmathon_vergroot-150x150.jpg\" alt=\"\" width=\"150\" height=\"150\" \/><\/a>De Warmste Week &#8211; Warmathon<\/strong> (Gent): zaterdag 22\/12\/2018<\/p>\n<p>Op 22 december namen we deel aan de\u00a0<a href=\"https:\/\/dewarmsteweek.stubru.be\/artikels\/praktisch-de-warmathon-in-gent\">Warmathon\u00a0<\/a>in Gent ten voordele van het\u00a0<a href=\"http:\/\/www.kinderkankerfonds.be\/\">Kinderkankerfonds<\/a>.<br \/>\nOnze lieve Evi, \u00e9\u00e9n van de straffe madammen van de cr\u00e8che van Felix, nam de organisatie op zich.<br \/>\nMeer dan 100 deelnemers zamelden maar liefst <strong>2000\u20ac<\/strong> in voor het Kinderkankerfonds! Bedankt aan alle stappers\/lopers, en in het bijzonder aan Evi voor het initiatief en de organisatie!<\/p>\n<p>&nbsp;<\/p>\n<p><a href=\"http:\/\/site.teamneushoorn.be\/wp\/wp-content\/uploads\/2017\/06\/46445968_355228091895466_8729839513829900288_n.png\"><img loading=\"lazy\" decoding=\"async\" class=\"alignleft wp-image-2401 size-medium\" src=\"http:\/\/site.teamneushoorn.be\/wp\/wp-content\/uploads\/2017\/06\/46445968_355228091895466_8729839513829900288_n-300x156.png\" alt=\"\" width=\"300\" height=\"156\" srcset=\"http:\/\/site.teamneushoorn.be\/wp\/wp-content\/uploads\/2017\/06\/46445968_355228091895466_8729839513829900288_n-300x156.png 300w, http:\/\/site.teamneushoorn.be\/wp\/wp-content\/uploads\/2017\/06\/46445968_355228091895466_8729839513829900288_n-768x399.png 768w, http:\/\/site.teamneushoorn.be\/wp\/wp-content\/uploads\/2017\/06\/46445968_355228091895466_8729839513829900288_n-600x312.png 600w, http:\/\/site.teamneushoorn.be\/wp\/wp-content\/uploads\/2017\/06\/46445968_355228091895466_8729839513829900288_n.png 923w\" sizes=\"auto, (max-width: 300px) 100vw, 300px\" \/><\/a><\/p>\n<p><strong>Kerstdessertenbuffet\u00a0<\/strong>(Aaigem) &#8211; <strong>Chiro Jospaai<\/strong> en <strong>Chiro Klim-Op<\/strong>: zondag 9\/12\/2018<\/p>\n<p>Op zondag 9 december organiseerden <a href=\"https:\/\/www.facebook.com\/chiro.jospaai.aaigem\/\">Chiro Jospaai<\/a> en <a href=\"https:\/\/www.facebook.com\/Chiro-Klim-op-Aaigem-1640738519502868\/\">Chiro Klim-Op<\/a> uit Aaigem een <a href=\"http:\/\/site.teamneushoorn.be\/wp\/?p=2427\">kerstdessertenbuffet <\/a>ten voordele van Team Neushoorn.\u00a0 Dit leverde maar liefst\u00a0<strong>1.458,50\u20ac<\/strong> op voor het Kinderkankerfonds!<br \/>\nEen dikke merci aan de jongens en meisjes van beide afdelingen!<\/p>\n<p>&nbsp;<\/p>\n<div class=\"\" data-block=\"true\" data-editor=\"23t6\" data-offset-key=\"6ep3q-0-0\">\n<p><a href=\"http:\/\/site.teamneushoorn.be\/wp\/wp-content\/uploads\/2017\/06\/diewinterroose.jpg\"><img loading=\"lazy\" decoding=\"async\" class=\"wp-image-2251 alignleft\" src=\"http:\/\/site.teamneushoorn.be\/wp\/wp-content\/uploads\/2017\/06\/diewinterroose.jpg\" alt=\"\" width=\"150\" height=\"212\" srcset=\"http:\/\/site.teamneushoorn.be\/wp\/wp-content\/uploads\/2017\/06\/diewinterroose.jpg 679w, http:\/\/site.teamneushoorn.be\/wp\/wp-content\/uploads\/2017\/06\/diewinterroose-212x300.jpg 212w, http:\/\/site.teamneushoorn.be\/wp\/wp-content\/uploads\/2017\/06\/diewinterroose-600x848.jpg 600w\" sizes=\"auto, (max-width: 150px) 100vw, 150px\" \/><\/a><strong>Toneelvereniging Die Winterroose <\/strong>speelt<strong> &#8216;Doe het zelf, Neushoorn!&#8217;:\u00a0<\/strong>31\/10\/2018 tot en met 3\/11\/2018 (steeds om 20u)<\/p>\n<p>Ter gelegenheid van hun 50-jarig bestaan schonk toneelvereniging <a href=\"http:\/\/www.diewinterroose.be\">Die Winterroose<\/a> een gedeelte van de opbrengst van hun najaarsvoorstellingen aan Team Neushoorn voor het Kinderkankerfonds!<\/p>\n<\/div>\n<div data-block=\"true\" data-editor=\"23t6\" data-offset-key=\"6ep3q-0-0\">\n<p>Dit bracht maar liefst <strong>750\u20ac<\/strong> op voor het Kinderkankerfonds!<\/p>\n<\/div>\n<div data-block=\"true\" data-editor=\"23t6\" data-offset-key=\"6ep3q-0-0\"><\/div>\n<div data-block=\"true\" data-editor=\"23t6\" data-offset-key=\"6ep3q-0-0\"><\/div>\n<div data-block=\"true\" data-editor=\"23t6\" data-offset-key=\"6ep3q-0-0\"><\/div>\n<div data-offset-key=\"6ru4u-0-0\">\n<p>\u00a0<a href=\"http:\/\/site.teamneushoorn.be\/wp\/wp-content\/uploads\/2017\/06\/dodentocht.jpg\"><img loading=\"lazy\" decoding=\"async\" class=\"alignleft wp-image-1884 size-thumbnail\" src=\"http:\/\/site.teamneushoorn.be\/wp\/wp-content\/uploads\/2017\/06\/dodentocht-150x150.jpg\" alt=\"\" width=\"150\" height=\"150\" srcset=\"http:\/\/site.teamneushoorn.be\/wp\/wp-content\/uploads\/2017\/06\/dodentocht-150x150.jpg 150w, http:\/\/site.teamneushoorn.be\/wp\/wp-content\/uploads\/2017\/06\/dodentocht.jpg 225w\" sizes=\"auto, (max-width: 150px) 100vw, 150px\" \/><\/a><strong>Nico en Leen stappen de Dodentocht:<\/strong>\u00a0augustus 2018 &#8211; Bornem<\/p>\n<\/div>\n<div data-offset-key=\"6ru4u-0-0\">\n<p>Op vrijdag 10 augustus 2018 namen Nico De Troyer en Leen Van den Bossche deel aan de legendarische dodentocht, met Felix in gedachten. Beide stappers wilden die dag niet enkel een sportieve prestatie neerzetten maar <a href=\"http:\/\/site.teamneushoorn.be\/wp\/?p=1862\">lieten zich ook graag sponsoren<\/a> ten voordele van het Kinderkankerfonds! Hun actie bracht maar liefst <strong>1.530 euro<\/strong> op!<\/p>\n<\/div>\n<p>&nbsp;<\/p>\n<p><strong><span class=\"_247o\" spellcheck=\"false\" data-offset-key=\"6ep3q-0-0\"><a href=\"http:\/\/site.teamneushoorn.be\/wp\/wp-content\/uploads\/2017\/06\/LOGO-DE-WANTE2.jpg\"><img loading=\"lazy\" decoding=\"async\" class=\" wp-image-1631 alignleft\" src=\"http:\/\/site.teamneushoorn.be\/wp\/wp-content\/uploads\/2017\/06\/LOGO-DE-WANTE2.jpg\" alt=\"\" width=\"320\" height=\"123\" srcset=\"http:\/\/site.teamneushoorn.be\/wp\/wp-content\/uploads\/2017\/06\/LOGO-DE-WANTE2.jpg 362w, http:\/\/site.teamneushoorn.be\/wp\/wp-content\/uploads\/2017\/06\/LOGO-DE-WANTE2-300x115.jpg 300w\" sizes=\"auto, (max-width: 320px) 100vw, 320px\" \/><\/a><\/span><\/strong><\/p>\n<div class=\"\" data-block=\"true\" data-editor=\"23t6\" data-offset-key=\"6ep3q-0-0\">\n<div class=\"_1mf _1mj\" data-offset-key=\"6ep3q-0-0\"><strong><span class=\"_247o\" spellcheck=\"false\" data-offset-key=\"6ep3q-0-0\">Wante-lingen GVB De Wante: <\/span><\/strong><span class=\"_247o\" spellcheck=\"false\" data-offset-key=\"6ep3q-0-0\">vanaf<\/span> <span class=\"_247o\" spellcheck=\"false\" data-offset-key=\"6ep3q-0-0\">woensdagavond<\/span><strong><span class=\"_247o\" spellcheck=\"false\" data-offset-key=\"6ep3q-0-0\"> 16\/5\/2018 (start 19u)<\/span>\u00a0<\/strong><\/div>\n<\/div>\n<div class=\"\" data-block=\"true\" data-editor=\"23t6\" data-offset-key=\"egmhd-0-0\">\n<div class=\"_1mf _1mj\" data-offset-key=\"egmhd-0-0\"><span data-offset-key=\"egmhd-0-0\">\u00a0<\/span><\/div>\n<\/div>\n<div class=\"\" data-block=\"true\" data-editor=\"23t6\" data-offset-key=\"6ru4u-0-0\">\n<div class=\"_1mf _1mj\" data-offset-key=\"6ru4u-0-0\"><span data-offset-key=\"6ru4u-0-0\">Vanaf 16 mei -tot zeker einde schooljaar- organiseerde de <a href=\"http:\/\/website.gvbmaarkedal.be\/\">Vrije Basisschool De Wante<\/a>\u00a0wekelijks een wandeling op woensdagavond.\u00a0<\/span><\/div>\n<div class=\"_1mf _1mj\" data-offset-key=\"6ru4u-0-0\">Deelnemen kostte 2 Euro en bracht je langs de mooiste paadjes van Schorisse. Na de wandeling was er gelegenheid om na te praten in het Wante-caf\u00e9 en tijdens de laatste week van het schooljaar vond ook een &#8216;kinderwanteling&#8217; voor de kinderen plaats.<br \/>\nSupertoffe actie! Bedankt aan iedereen die hier zijn schouders onder zette!<br \/>\nGoed voor <strong>4.918 euro<\/strong> ten voordele van het Kinderkankerfonds!<\/div>\n<\/div>\n<p>&nbsp;<\/p>\n<div data-offset-key=\"6ru4u-0-0\">\n<p><strong><a href=\"http:\/\/site.teamneushoorn.be\/wp\/?p=1685\"><img loading=\"lazy\" decoding=\"async\" class=\"alignleft\" src=\"http:\/\/leenbewaert.be\/wp-content\/uploads\/2018\/02\/Logo-Yoga-met-Leen.jpg\" width=\"171\" height=\"52\" \/><\/a>Yoga in Opwijk met Leen:\u00a0<\/strong>juni 2018 &#8211; Opwijk<\/p>\n<\/div>\n<div data-offset-key=\"6ru4u-0-0\">Tijdens de maand juni stortte\u00a0<a href=\"https:\/\/www.leenbewaert.be\/yoga\/\">Yoga in Opwijk met Leen<\/a> per deelnemer \u00a0\u20ac1 door naar het Kinderkankerfonds. Dit bracht maar liefst<strong> 116 euro<\/strong> op!<\/div>\n<p><a href=\"http:\/\/site.teamneushoorn.be\/wp\/wp-content\/uploads\/2017\/06\/chiro-schorisse-logo.png\"><img loading=\"lazy\" decoding=\"async\" class=\"size-full wp-image-1484 alignleft\" src=\"http:\/\/site.teamneushoorn.be\/wp\/wp-content\/uploads\/2017\/06\/chiro-schorisse-logo.png\" alt=\"\" width=\"200\" height=\"200\" srcset=\"http:\/\/site.teamneushoorn.be\/wp\/wp-content\/uploads\/2017\/06\/chiro-schorisse-logo.png 200w, http:\/\/site.teamneushoorn.be\/wp\/wp-content\/uploads\/2017\/06\/chiro-schorisse-logo-150x150.png 150w\" sizes=\"auto, (max-width: 200px) 100vw, 200px\" \/><\/a><\/p>\n<p><strong>Bloemenverkoop Chiro Schorisse: \u00a0<\/strong>zaterdag<strong> 17\/03\/2018\u00a0<\/strong><\/p>\n<p>Naar jaarlijkse gewoonte organiseerde\u00a0<a href=\"http:\/\/www.chiroschorisse.be\/\">Chiro Schorisse<\/a> in de vasten een actie ten voordele van het goede doel. <a href=\"https:\/\/www.facebook.com\/chiro.schorisse\/\">Chiro Schorisse<\/a>\u00a0verkocht bloemen ten voordele van Team Neushoorn en haalde zo <strong>1100 euro<\/strong> op voor het <a href=\"http:\/\/www.kinderkankerfonds.be\">Kinderkankerfonds<\/a>.<br \/>\nBedankt, jongens en meisjes! Topinitiatief!<\/p>\n<p>&nbsp;<\/p>\n<p>&nbsp;<\/p>\n<p><a href=\"http:\/\/site.teamneushoorn.be\/wp\/wp-content\/uploads\/2017\/06\/stf_logo.jpg\"><img loading=\"lazy\" decoding=\"async\" class=\"size-full wp-image-1471 alignleft\" src=\"http:\/\/site.teamneushoorn.be\/wp\/wp-content\/uploads\/2017\/06\/stf_logo.jpg\" alt=\"\" width=\"219\" height=\"115\" \/><\/a><\/p>\n<p><strong>Sponsortocht Sint-Franciscusschool:\u00a0<\/strong>vrijdag\u00a0<strong>30\/03\/2018<\/strong><\/p>\n<p>Op vrijdag 30 maart organiseerde de <a href=\"http:\/\/www.stfranciscusschool.be\/nl\/welkom\">Sint-Franciscusschool<\/a>\u00a0 (Burst en Erondegem) een gesponsorde voettocht ten voordele van <a href=\"http:\/\/www.facebook.com\/teamneushoorn\">Team Neushoorn<\/a> en het <a href=\"http:\/\/www.kinderkankerfonds.be\">Kinderkankerfonds<\/a>. De leerlingen van de lagere school stapten 5km en lieten zich voor het goede doel sponsoren per kilometer. Dit bracht maar liefst <strong>3157,70 euro<\/strong> op!\u00a0Een heel warme <em>dankuwel<\/em>\u00a0 aan alle kinderen, juffen en meesters van Felix zijn school!<\/p>\n<p>&nbsp;<\/p>\n<p><strong><img loading=\"lazy\" decoding=\"async\" class=\"wp-image-887 size-thumbnail alignleft\" src=\"http:\/\/site.teamneushoorn.be\/wp\/wp-content\/uploads\/2017\/11\/IMG_20171028_230412-150x150.jpg\" alt=\"\" width=\"150\" height=\"150\" \/>\u00a0Team Neushoorn-kokosrotsjes\u00a0<\/strong><\/p>\n<p>Team Neushoorn verkocht heerlijke, artisanale kokosrotsjes ten voordele van het <a href=\"http:\/\/www.kinderkankerfonds.be\">Kinderkankerfonds<\/a>.<br \/>\nIn de laatste maanden van 2017 en eerste maanden van 2018 werden maar liefst\u00a0<strong>1122 zakjes\u00a0<\/strong>kokosrotsjes verkocht. Goed voor\u00a0<strong>1481,04 euro<\/strong>\u00a0voor het\u00a0<a href=\"http:\/\/www.kinderkankerfonds.be\/\">Kinderkankerfonds<\/a>!<\/p>\n<p>&nbsp;<\/p>\n<p>&nbsp;<\/p>\n","protected":false},"excerpt":{"rendered":"<p>&nbsp; Internaat Stella Matutina\u00a0(Brakel) &#8211; Pannenkoekenverkoop De leerlingen van Internaat Stella Matutina\u00a0verkochten pannenkoeken ten voordele van het Kinderkankerfonds. Dit leverde maar liefst 500\u20ac op! Bedankt voor dit mooie initiatief! &nbsp; De Warmste Week &#8211; Warmathon (Gent): zaterdag 22\/12\/2018 Op 22 december namen we deel aan de\u00a0Warmathon\u00a0in Gent ten voordele van het\u00a0Kinderkankerfonds. Onze lieve Evi, \u00e9\u00e9n &#8230; <span class=\"more\"><a class=\"more-link\" href=\"http:\/\/site.teamneushoorn.be\/wp\/?page_id=2624\">[Read more&#8230;]<\/a><\/span><\/p>\n","protected":false},"author":2,"featured_media":0,"parent":0,"menu_order":0,"comment_status":"closed","ping_status":"closed","template":"","meta":{"footnotes":""},"class_list":["entry","page","publish","author-tine","post-2624"],"_links":{"self":[{"href":"http:\/\/site.teamneushoorn.be\/wp\/index.php?rest_route=\/wp\/v2\/pages\/2624","targetHints":{"allow":["GET"]}}],"collection":[{"href":"http:\/\/site.teamneushoorn.be\/wp\/index.php?rest_route=\/wp\/v2\/pages"}],"about":[{"href":"http:\/\/site.teamneushoorn.be\/wp\/index.php?rest_route=\/wp\/v2\/types\/page"}],"author":[{"embeddable":true,"href":"http:\/\/site.teamneushoorn.be\/wp\/index.php?rest_route=\/wp\/v2\/users\/2"}],"replies":[{"embeddable":true,"href":"http:\/\/site.teamneushoorn.be\/wp\/index.php?rest_route=%2Fwp%2Fv2%2Fcomments&post=2624"}],"version-history":[{"count":1,"href":"http:\/\/site.teamneushoorn.be\/wp\/index.php?rest_route=\/wp\/v2\/pages\/2624\/revisions"}],"predecessor-version":[{"id":2625,"href":"http:\/\/site.teamneushoorn.be\/wp\/index.php?rest_route=\/wp\/v2\/pages\/2624\/revisions\/2625"}],"wp:attachment":[{"href":"http:\/\/site.teamneushoorn.be\/wp\/index.php?rest_route=%2Fwp%2Fv2%2Fmedia&parent=2624"}],"curies":[{"name":"wp","href":"https:\/\/api.w.org\/{rel}","templated":true}]}}